{"id":148,"date":"2021-11-22T21:46:17","date_gmt":"2021-11-22T18:46:17","guid":{"rendered":"http:\/\/gustofood.net\/?page_id=148"},"modified":"2025-12-03T16:57:25","modified_gmt":"2025-12-03T13:57:25","slug":"kvkk-ve-gizlilik-so%cc%88zlesmesi","status":"publish","type":"page","link":"https:\/\/gustofood.net\/?page_id=148","title":{"rendered":"KVKK ve Gizlilik So\u0308zle\u015fmesi"},"content":{"rendered":"\t\t<div data-elementor-type=\"wp-page\" data-elementor-id=\"148\" class=\"elementor elementor-148\" data-elementor-post-type=\"page\">\n\t\t\t\t\t\t<section data-particle_enable=\"false\" data-particle-mobile-disabled=\"false\" class=\"elementor-section elementor-top-section elementor-element elementor-element-23afcc1 elementor-section-boxed elementor-section-height-default elementor-section-height-default\" data-id=\"23afcc1\" data-element_type=\"section\" data-settings=\"{&quot;ekit_has_onepagescroll_dot&quot;:&quot;yes&quot;}\">\n\t\t\t\t\t\t<div class=\"elementor-container elementor-column-gap-default\">\n\t\t\t\t\t<div class=\"elementor-column elementor-col-100 elementor-top-column elementor-element elementor-element-9bea5bc\" data-id=\"9bea5bc\" data-element_type=\"column\">\n\t\t\t<div class=\"elementor-widget-wrap elementor-element-populated\">\n\t\t\t\t\t\t<div class=\"elementor-element elementor-element-3c77f30 elementor-widget elementor-widget-spacer\" data-id=\"3c77f30\" data-element_type=\"widget\" data-settings=\"{&quot;ekit_we_effect_on&quot;:&quot;none&quot;}\" data-widget_type=\"spacer.default\">\n\t\t\t\t<div class=\"elementor-widget-container\">\n\t\t\t\t\t\t\t<div class=\"elementor-spacer\">\n\t\t\t<div class=\"elementor-spacer-inner\"><\/div>\n\t\t<\/div>\n\t\t\t\t\t\t<\/div>\n\t\t\t\t<\/div>\n\t\t\t\t\t<\/div>\n\t\t<\/div>\n\t\t\t\t\t<\/div>\n\t\t<\/section>\n\t\t\t\t<section data-particle_enable=\"false\" data-particle-mobile-disabled=\"false\" class=\"elementor-section elementor-top-section elementor-element elementor-element-ae1fb40 elementor-section-boxed elementor-section-height-default elementor-section-height-default\" data-id=\"ae1fb40\" data-element_type=\"section\" data-settings=\"{&quot;ekit_has_onepagescroll_dot&quot;:&quot;yes&quot;}\">\n\t\t\t\t\t\t<div class=\"elementor-container elementor-column-gap-default\">\n\t\t\t\t\t<div class=\"elementor-column elementor-col-33 elementor-top-column elementor-element elementor-element-9f204c7\" data-id=\"9f204c7\" data-element_type=\"column\">\n\t\t\t<div class=\"elementor-widget-wrap elementor-element-populated\">\n\t\t\t\t\t\t<div class=\"elementor-element elementor-element-6b9e72a elementor-widget elementor-widget-image\" data-id=\"6b9e72a\" data-element_type=\"widget\" data-settings=\"{&quot;ekit_we_effect_on&quot;:&quot;none&quot;}\" data-widget_type=\"image.default\">\n\t\t\t\t<div class=\"elementor-widget-container\">\n\t\t\t\t\t\t\t\t\t\t\t\t\t\t\t<img fetchpriority=\"high\" decoding=\"async\" width=\"331\" height=\"178\" src=\"https:\/\/gustofood.net\/wp-content\/uploads\/2021\/11\/Place-Your-Design-Here-Double-Click-to-Edit-1.png\" class=\"attachment-full size-full wp-image-60\" alt=\"\" srcset=\"https:\/\/gustofood.net\/wp-content\/uploads\/2021\/11\/Place-Your-Design-Here-Double-Click-to-Edit-1.png 331w, https:\/\/gustofood.net\/wp-content\/uploads\/2021\/11\/Place-Your-Design-Here-Double-Click-to-Edit-1-230x124.png 230w, https:\/\/gustofood.net\/wp-content\/uploads\/2021\/11\/Place-Your-Design-Here-Double-Click-to-Edit-1-300x161.png 300w\" sizes=\"(max-width: 331px) 100vw, 331px\" \/>\t\t\t\t\t\t\t\t\t\t\t\t\t\t\t<\/div>\n\t\t\t\t<\/div>\n\t\t\t\t\t<\/div>\n\t\t<\/div>\n\t\t\t\t<div class=\"elementor-column elementor-col-33 elementor-top-column elementor-element elementor-element-2ae9a03\" data-id=\"2ae9a03\" data-element_type=\"column\">\n\t\t\t<div class=\"elementor-widget-wrap elementor-element-populated\">\n\t\t\t\t\t\t<div class=\"elementor-element elementor-element-89c8505 elementor-widget elementor-widget-heading\" data-id=\"89c8505\" data-element_type=\"widget\" data-settings=\"{&quot;ekit_we_effect_on&quot;:&quot;none&quot;}\" data-widget_type=\"heading.default\">\n\t\t\t\t<div class=\"elementor-widget-container\">\n\t\t\t\t\t<h2 class=\"elementor-heading-title elementor-size-default\">KVKK ve Gizlilik S\u00f6zle\u015fmesi<\/h2>\t\t\t\t<\/div>\n\t\t\t\t<\/div>\n\t\t\t\t\t<\/div>\n\t\t<\/div>\n\t\t\t\t<div class=\"elementor-column elementor-col-33 elementor-top-column elementor-element elementor-element-14a5734\" data-id=\"14a5734\" data-element_type=\"column\">\n\t\t\t<div class=\"elementor-widget-wrap\">\n\t\t\t\t\t\t\t<\/div>\n\t\t<\/div>\n\t\t\t\t\t<\/div>\n\t\t<\/section>\n\t\t\t\t<section data-particle_enable=\"false\" data-particle-mobile-disabled=\"false\" class=\"elementor-section elementor-top-section elementor-element elementor-element-07279ed elementor-section-boxed elementor-section-height-default elementor-section-height-default\" data-id=\"07279ed\" data-element_type=\"section\" data-settings=\"{&quot;ekit_has_onepagescroll_dot&quot;:&quot;yes&quot;}\">\n\t\t\t\t\t\t<div class=\"elementor-container elementor-column-gap-default\">\n\t\t\t\t\t<div class=\"elementor-column elementor-col-100 elementor-top-column elementor-element elementor-element-60f1d58\" data-id=\"60f1d58\" data-element_type=\"column\">\n\t\t\t<div class=\"elementor-widget-wrap elementor-element-populated\">\n\t\t\t\t\t\t<div class=\"elementor-element elementor-element-39179eb elementor-widget elementor-widget-spacer\" data-id=\"39179eb\" data-element_type=\"widget\" data-settings=\"{&quot;ekit_we_effect_on&quot;:&quot;none&quot;}\" data-widget_type=\"spacer.default\">\n\t\t\t\t<div class=\"elementor-widget-container\">\n\t\t\t\t\t\t\t<div class=\"elementor-spacer\">\n\t\t\t<div class=\"elementor-spacer-inner\"><\/div>\n\t\t<\/div>\n\t\t\t\t\t\t<\/div>\n\t\t\t\t<\/div>\n\t\t\t\t\t<\/div>\n\t\t<\/div>\n\t\t\t\t\t<\/div>\n\t\t<\/section>\n\t\t\t\t<section data-particle_enable=\"false\" data-particle-mobile-disabled=\"false\" class=\"elementor-section elementor-top-section elementor-element elementor-element-0bc74a3 elementor-section-boxed elementor-section-height-default elementor-section-height-default\" data-id=\"0bc74a3\" data-element_type=\"section\" data-settings=\"{&quot;ekit_has_onepagescroll_dot&quot;:&quot;yes&quot;}\">\n\t\t\t\t\t\t<div class=\"elementor-container elementor-column-gap-default\">\n\t\t\t\t\t<div class=\"elementor-column elementor-col-100 elementor-top-column elementor-element elementor-element-c8c4c62\" data-id=\"c8c4c62\" data-element_type=\"column\">\n\t\t\t<div class=\"elementor-widget-wrap elementor-element-populated\">\n\t\t\t\t\t\t<div class=\"elementor-element elementor-element-57f84fb elementor-widget elementor-widget-text-editor\" data-id=\"57f84fb\" data-element_type=\"widget\" data-settings=\"{&quot;ekit_we_effect_on&quot;:&quot;none&quot;}\" data-widget_type=\"text-editor.default\">\n\t\t\t\t<div class=\"elementor-widget-container\">\n\t\t\t\t\t\t\t\t\t<p>Ki\u015fisel Verilerin Korunmas\u0131na \u0130li\u015fkin Bilgilendirme;<\/p>\n<p>GUSTO GIDA \u0130THALAT LTD.STI. olarak ki\u015fisel verilerinizin 6698 say\u0131l\u0131 Ki\u015fisel Verilerin Korunmas\u0131 Kanunu\u2019na (\u201cKanun\u201d) uygun olarak i\u015flenerek, muhafaza edilmesine bu\u0308yu\u0308k \u00f6nem veriyoruz. M\u00fc\u015fterilerimizi ki\u015fisel verileri toplama, i\u015fleme, aktarma amac\u0131m\u0131z ve y\u00f6ntemlerimiz ve buna ba\u011fl\u0131 olarak sizlerin Kanun\u2019dan kaynaklanan haklar\u0131n\u0131zla ilgili bilgilendirmek isteriz.<\/p>\n<p><\/p>\n<ol>\n<li>Ki\u015fisel verilerin toplanmas\u0131na ili\u015fkin y\u00f6ntemler..<\/li>\n<\/ol>\n<p>GUSTO GIDA \u0130THALAT LTD.STI, veri sorumlusu s\u0131fat\u0131yla, mevzuattan kaynaklanan yasal yu\u0308ku\u0308mlu\u0308lu\u0308klerimiz \u00e7er\u00e7evesinde; markalar\u0131m\u0131z\u0131n hizmetlerinden faydalanabilmeniz, onay\u0131n\u0131z halinde kampanyalar\u0131m\u0131z hakk\u0131nda sizleri bilgilendirmek, \u00f6neri ve \u015fikayetlerinizi kay\u0131t alt\u0131na alabilmek, sizlere daha iyi hizmet standartlar\u0131 olu\u015fturabilmek, Sitore Butik ticari ve i\u015f stratejilerinin belirlenmesi ve uygulanmas\u0131 gibi ama\u00e7larla ki\u015fisel verilerinizi s\u00f6zlu\u0308, internet sitesi, sosyal medya mecralar\u0131, mobil uygulamalar ve benzeri vas\u0131talarla s\u00f6zlu\u0308, yaz\u0131l\u0131 ya da elektronik y\u00f6ntemlerle toplamaktay\u0131z.<\/p>\n<p><\/p>\n<ol>\n<li>Ki\u015fisel verilerin i\u015flenmesi ve i\u015fleme ama\u00e7lar\u0131<\/li>\n<\/ol>\n<p>GUSTO GIDA \u0130THALAT LTD.STI olarak, veri sorumlusu s\u0131fat\u0131 ile \u00e7a\u011fr\u0131 merkezlerimiz, yaz\u0131l\u0131 ileti\u015fim kanallar\u0131m\u0131z, sosyal medya sayfalar\u0131m\u0131z, mobil ileti\u015fim kanallar\u0131, ma\u011faza i\u00e7i ileti\u015fim kanallar\u0131 ve\/veya bunlarla s\u0131n\u0131rl\u0131 olmamak u\u0308zere her tu\u0308rlu\u0308 kanallar arac\u0131l\u0131\u011f\u0131 ile; onay\u0131n\u0131z dahilinde elde etti\u011fimiz ki\u015fisel ve\/veya \u00f6zel nitelikli ki\u015fisel verileriniz tamamen veya k\u0131smen elde edilebilir, kaydedilebilir, saklanabilir, depolanabilir, de\u011fi\u015ftirilebilir, gu\u0308ncellenebilir, periyodik olarak kontrol edilebilir, yeniden du\u0308zenlenebilir, s\u0131n\u0131fland\u0131r\u0131labilir, i\u015flendikleri ama\u00e7 i\u00e7in gerekli olan ya da ilgili kanunda \u00f6ng\u00f6ru\u0308len su\u0308re kadar muhafaza edilebilir, kanuni ya da hizmete ba\u011fl\u0131 fiili gereklilikler halinde Sitore Butik\u2019in birlikte \u00e7al\u0131\u015ft\u0131\u011f\u0131 \u00f6zel-tu\u0308zel ki\u015filerle ya da kanunen yu\u0308ku\u0308mlu\u0308 oldu\u011fu kamu kurum ve kurulu\u015flar\u0131yla ve\/veya Tu\u0308rkiye\u2019de veya yurt d\u0131\u015f\u0131nda mukim olan ilgili 3. ki\u015fi ger\u00e7ek ki\u015fi\/tu\u0308zel ki\u015filerle payla\u015f\u0131labilir\/devredilebilir, kanuni ya da hizmete ba\u011fl\u0131 fiili gereklilikler halinde yurtd\u0131\u015f\u0131na aktar\u0131labilir.<\/p>\n<p>GUSTO GIDA \u0130THALAT LTD.STI mu\u0308\u015fterilerinin markalar\u0131m\u0131z\u0131n hizmetlerinden faydalanabilmesi, onay\u0131n\u0131z halinde kampanyalar\u0131m\u0131z hakk\u0131nda sizleri bilgilendirmek, \u00f6neri ve \u015fikayetlerinizi kay\u0131t alt\u0131na alabilmek, sizlere daha iyi hizmet standartlar\u0131 olu\u015fturabilmek, GUSTO GIDA \u0130THALAT LTD.STI ticari ve i\u015f stratejilerinin belirlenmesi ve uygulanmas\u0131 gibi ama\u00e7larla ve her halu\u0308karda 6698 say\u0131l\u0131 Ki\u015fisel Verilerin Korunmas\u0131 Kanunu ve ilgili mevzuata uygun olarak ki\u015fisel verilerinizi i\u015fleyebilece\u011fimizi bilginize sunar\u0131z.<\/p>\n<p><\/p>\n<ol>\n<li>Ki\u015fisel Verilerin Aktar\u0131lmas\u0131<\/li>\n<\/ol>\n<p>GUSTO GIDA \u0130THALAT LTD.STI, s\u00f6z konusu ki\u015fisel verilerinizi sadece; a\u00e7\u0131k r\u0131zan\u0131za istinaden veya Kanun\u2019da belirtilen gu\u0308venlik ve gizlilik esaslar\u0131 \u00e7er\u00e7evesinde yeterli \u00f6nlemler al\u0131nmak kayd\u0131yla yurt i\u00e7inde ve gerekli gu\u0308venlik \u00f6nlemlerinin al\u0131nmas\u0131 kayd\u0131yla yurt d\u0131\u015f\u0131nda, \u015eirket faaliyetlerinin yu\u0308ru\u0308tu\u0308lmesi, veri sahipleri ile mu\u0308\u015fterilerimiz aras\u0131ndaki i\u015f ili\u015fkisinin sa\u011flanmas\u0131 ve\/veya bu ama\u00e7la g\u00f6ru\u0308\u015fmeler yap\u0131lmas\u0131, hizmetler, f\u0131rsat ve olanaklar sunulmas\u0131 ve hizmet kalitesinin art\u0131r\u0131lmas\u0131 amac\u0131yla; grup \u015firketlerimiz, i\u015f ortaklar\u0131m\u0131z, faaliyetlerimizin gere\u011fi anla\u015fmal\u0131 oldu\u011fumuz ve hizmet sundu\u011fumuz mu\u0308\u015fteriler, tedarik\u00e7iler, denetim \u015firketleri veya yasal bir zorunluluk gere\u011fi bu verileri talep etmeye yetkili olan kamu kurum veya kurulu\u015flar\u0131, bunlarla s\u0131n\u0131rl\u0131 olmamak u\u0308zere ilgili di\u011fer otoriteler ile payla\u015fabilecektir.<\/p>\n<p><\/p>\n<ol>\n<li>Ki\u015fisel Veri Sahibinin KVK Kanunu\u2019nun (\u201cKanun\u201d) 11. maddesinde Say\u0131lan Haklar\u0131<\/li>\n<\/ol>\n<p>GUSTO GIDA \u0130THALAT LTD.STI ilgili ki\u015filerin a\u015fa\u011f\u0131daki taleplerine kar\u015f\u0131l\u0131k verecektir:<\/p>\n<ol>\n<li>a) GUSTO GIDA \u0130THALAT LTD.STI kendilerine ili\u015fkin ki\u015fisel verileri i\u015fleyip i\u015flemedi\u011fini ve hangi ki\u015fisel verileri i\u015fledi\u011fini \u00f6\u011frenme,<\/li>\n<li>b) \u0130\u015fleme faaliyetinin ama\u00e7lar\u0131na ili\u015fkin bilgi alma,<\/li>\n<li>c) GUSTO GIDA \u0130THALAT LTD.STI yurt i\u00e7inde veya yurt d\u0131\u015f\u0131nda ki\u015fisel verileri aktard\u0131\u011f\u0131 u\u0308\u00e7u\u0308ncu\u0308 ki\u015fileri bilme,<\/li>\n<li>d) Ki\u015fisel verilerin eksik veya yanl\u0131\u015f i\u015flenmi\u015f olmas\u0131 h\u00e2linde bunlar\u0131n du\u0308zeltilmesini isteme,<\/li>\n<li>e) Kanun\u2019a uygun olarak ki\u015fisel verilerin silinmesini veya yok edilmesini isteme,<\/li>\n<li>f) Ki\u015fisel verilerin du\u0308zeltilmesi, silinmesi ya da yok edilmesi talebi halinde; yap\u0131lan i\u015flemlerin, ki\u015fisel verilerin aktar\u0131ld\u0131\u011f\u0131 u\u0308\u00e7u\u0308ncu\u0308 ki\u015filere bildirilmesini isteme,<\/li>\n<li>g) \u0130\u015flenen verilerin mu\u0308nhas\u0131ran otomatik sistemler vas\u0131tas\u0131yla analiz edilmesi suretiyle ki\u015finin kendisi aleyhine bir sonucun ortaya \u00e7\u0131kmas\u0131na itiraz etme ve<\/li>\n<li>h) Ki\u015fisel verilerinin birer kopyas\u0131n\u0131 alma.<\/li>\n<\/ol>\n<p>G\u00f6ru\u0308\u015f ve sorular\u0131n\u0131zla ilgili bizimle ileti\u015fime ge\u00e7ebilirsiniz.<\/p>\n<p>\u00dcnvan\u0131 : GUSTO GIDA \u0130THALAT LTD.STI<\/p>\n<p>Telefonu: &nbsp;(0216) 465 99 60<\/p>\n<p>Mail:&nbsp;<a href=\"mailto:info@gustofood.net\">info@gustofood.net<\/a><\/p>\n<p>Adres: Kavac\u0131k, Serpil Sk. No : 15\/A, 34810 Beykoz\/\u0130stanbul<\/p>\n<p><\/p>\n<p>Gizlilik ve G\u00fcvenlik<\/p>\n<p>GUSTO GIDA \u0130THALAT LTD.STI Online Shop, m\u00fc\u015fterilerine daha iyi hizmet verebilmek amac\u0131yla baz\u0131 ki\u015fisel bilgilerinizi (isim, ya\u015f, ilgi alanlar\u0131n\u0131z, e-posta vb.) sizlerden talep etmektedir. GUSTO GIDA \u0130THALAT LTD.STI Shop sunucular\u0131nda toplanan bu bilgiler, d\u00f6nemsel kampanya \u00e7al\u0131\u015fmalar\u0131, m\u00fc\u015fteri profillerine y\u00f6nelik \u00f6zel promosyon faaliyetlerinin kurgulanmas\u0131 ve istenmeyen e-postalar\u0131n iletilmemesine y\u00f6nelik m\u00fc\u015fteri \u201cs\u0131n\u0131fland\u0131rma\u201d \u00e7al\u0131\u015fmalar\u0131nda sadece GUSTO GIDA \u0130THALAT LTD.STI b\u00fcnyesinde kullan\u0131lmaktad\u0131r. GUSTO GIDA \u0130THALAT LTD.STI, \u00fcyelik formlar\u0131ndan toplad\u0131\u011f\u0131 bilgileri s\u00f6z konusu \u00fcyenin haberi ya da aksi bir talimat\u0131 olmaks\u0131z\u0131n, \u00fc\u00e7\u00fcnc\u00fc \u015fah\u0131slarla kesinlikle payla\u015fmamakta, faaliyet d\u0131\u015f\u0131 hi\u00e7bir nedenle ticari ama\u00e7la kullanmamakta ve de satmamaktad\u0131r.<\/p>\n<p><\/p>\n<p>M\u00fc\u015fteri bilgileri, ancak resmi makamlarca bu bilgilerin talep edilmesi halinde ve y\u00fcr\u00fcrl\u00fckteki emredici mevzuat h\u00fck\u00fcmleri gere\u011fince resmi makamlara a\u00e7\u0131klama yapmak zorunda oldu\u011fu durumlarda resmi makamlara a\u00e7\u0131klanabilecektir.<\/p>\n<p><\/p>\n<p>M\u00fc\u015fterinin sisteme girdi\u011fi t\u00fcm bilgilere sadece m\u00fc\u015fteri ula\u015fabilmekte ve bu bilgileri sadece m\u00fc\u015fteri de\u011fi\u015ftirebilmektedir. Bir ba\u015fkas\u0131n\u0131n bu bilgilere ula\u015fmas\u0131 ve bunlar\u0131 de\u011fi\u015ftirmesi m\u00fcmk\u00fcn de\u011fildir. \u00d6deme sayfas\u0131nda istenen kredi kart\u0131 bilgileriniz, siteden al\u0131\u015fveri\u015f yapan siz de\u011ferli m\u00fc\u015fterilerimizin g\u00fcvenli\u011fini en \u00fcst seviyede tutmak amac\u0131yla hi\u00e7bir \u015fekilde GUSTO GIDA \u0130THALAT LTD.STI veya ona hizmet veren \u015firketlerin sunucular\u0131nda tutulmamaktad\u0131r. Bu \u015fekilde \u00f6demeye y\u00f6nelik t\u00fcm i\u015flemlerin GUSTO GIDA \u0130THALAT LTD.STI aray\u00fcz\u00fc \u00fczerinden banka ve bilgisayar\u0131n\u0131z aras\u0131nda ger\u00e7ekle\u015fmesi sa\u011flanmaktad\u0131r.<\/p>\n<p><\/p>\n<p>\u00c7erez Kullan\u0131m\u0131<\/p>\n<p><\/p>\n<p>\u00c7erezler, sitemizi ziyaret etti\u011finizde bilgisayar\u0131n\u0131z ya da mobil cihaz\u0131n\u0131za (ak\u0131ll\u0131 telefon veya tablet gibi) kaydedilen k\u00fc\u00e7\u00fck metin dosyalar\u0131 ya da bilgilerdir.<\/p>\n<p><\/p>\n<p>\u00c7erezleri, Sitelerimizin daha kolay kullan\u0131lmas\u0131 ve sizin ilgi ve ihtiya\u00e7lar\u0131n\u0131za g\u00f6re ayarlanmas\u0131 i\u00e7in kullan\u0131yoruz. \u0130nternet siteleri bu \u00e7erez dosyalar\u0131 okuyup yazabiliyorlar ve bu sayede tan\u0131nman\u0131z ve size daha uygun bir internet sitesi sunulmas\u0131 amac\u0131yla sizinle ilgili \u00f6nemli bilgilerin hat\u0131rlanmas\u0131 sa\u011flan\u0131yor (tercih ayarlar\u0131n\u0131z\u0131n hat\u0131rlanmas\u0131 gibi).<\/p>\n<p><\/p>\n<p>\u00c7erezler ayr\u0131ca, Sitelerimiz \u00fczerinde gelecekteki hareketlerinizin h\u0131zlanmas\u0131na da yard\u0131mc\u0131 olur. Bunlara ek olarak, ziyaret\u00e7ilerin Sitelerimizi nas\u0131l kulland\u0131\u011f\u0131n\u0131 anlamak ve Sitelerimizin tasar\u0131m\u0131n\u0131 ve kullan\u0131\u015fl\u0131l\u0131\u011f\u0131n\u0131 geli\u015ftirmek amac\u0131yla \u00e7erezleri Sitelerimizin kullan\u0131m\u0131 hakk\u0131nda istatistiksel bilgiler toplamak i\u00e7in de kullanabiliriz.<\/p>\n<p><\/p>\t\t\t\t\t\t\t\t<\/div>\n\t\t\t\t<\/div>\n\t\t\t\t\t<\/div>\n\t\t<\/div>\n\t\t\t\t\t<\/div>\n\t\t<\/section>\n\t\t\t\t<\/div>\n\t\t","protected":false},"excerpt":{"rendered":"<p>KVKK ve Gizlilik S\u00f6zle\u015fmesi Ki\u015fisel Verilerin Korunmas\u0131na \u0130li\u015fkin Bilgilendirme; GUSTO GIDA \u0130THALAT LTD.STI. olarak ki\u015fisel verilerinizin 6698 say\u0131l\u0131 Ki\u015fisel Verilerin Korunmas\u0131 Kanunu\u2019na (\u201cKanun\u201d) uygun olarak i\u015flenerek, muhafaza edilmesine bu\u0308yu\u0308k \u00f6nem veriyoruz. M\u00fc\u015fterilerimizi ki\u015fisel verileri toplama, i\u015fleme, aktarma amac\u0131m\u0131z ve y\u00f6ntemlerimiz ve buna ba\u011fl\u0131 olarak sizlerin Kanun\u2019dan kaynaklanan haklar\u0131n\u0131zla ilgili bilgilendirmek [&hellip;]<\/p>\n","protected":false},"author":1,"featured_media":0,"parent":0,"menu_order":0,"comment_status":"closed","ping_status":"closed","template":"page-templates\/template-pagebuilder-full-width.php","meta":{"footnotes":""},"class_list":["post-148","page","type-page","status-publish","hentry"],"aioseo_notices":[],"_links":{"self":[{"href":"https:\/\/gustofood.net\/index.php?rest_route=\/wp\/v2\/pages\/148","targetHints":{"allow":["GET"]}}],"collection":[{"href":"https:\/\/gustofood.net\/index.php?rest_route=\/wp\/v2\/pages"}],"about":[{"href":"https:\/\/gustofood.net\/index.php?rest_route=\/wp\/v2\/types\/page"}],"author":[{"embeddable":true,"href":"https:\/\/gustofood.net\/index.php?rest_route=\/wp\/v2\/users\/1"}],"replies":[{"embeddable":true,"href":"https:\/\/gustofood.net\/index.php?rest_route=%2Fwp%2Fv2%2Fcomments&post=148"}],"version-history":[{"count":4,"href":"https:\/\/gustofood.net\/index.php?rest_route=\/wp\/v2\/pages\/148\/revisions"}],"predecessor-version":[{"id":1414,"href":"https:\/\/gustofood.net\/index.php?rest_route=\/wp\/v2\/pages\/148\/revisions\/1414"}],"wp:attachment":[{"href":"https:\/\/gustofood.net\/index.php?rest_route=%2Fwp%2Fv2%2Fmedia&parent=148"}],"curies":[{"name":"wp","href":"https:\/\/api.w.org\/{rel}","templated":true}]}}