{"id":27,"date":"2021-12-22T16:39:59","date_gmt":"2021-12-22T13:39:59","guid":{"rendered":"http:\/\/gustofood.net\/?page_id=27"},"modified":"2025-12-03T14:37:54","modified_gmt":"2025-12-03T11:37:54","slug":"anasayfa","status":"publish","type":"page","link":"https:\/\/gustofood.net\/","title":{"rendered":"anasayfa"},"content":{"rendered":"<p><img loading=\"lazy\" decoding=\"async\" width=\"2719\" height=\"1264\" src=\"https:\/\/gustofood.net\/wp-content\/uploads\/2021\/12\/mike-bergmann-tHjXXy1kk_Q-unsplash.png\" alt=\"\" loading=\"lazy\" srcset=\"https:\/\/gustofood.net\/wp-content\/uploads\/2021\/12\/mike-bergmann-tHjXXy1kk_Q-unsplash.png 2719w, https:\/\/gustofood.net\/wp-content\/uploads\/2021\/12\/mike-bergmann-tHjXXy1kk_Q-unsplash-300x139.png 300w, https:\/\/gustofood.net\/wp-content\/uploads\/2021\/12\/mike-bergmann-tHjXXy1kk_Q-unsplash-1024x476.png 1024w, https:\/\/gustofood.net\/wp-content\/uploads\/2021\/12\/mike-bergmann-tHjXXy1kk_Q-unsplash-768x357.png 768w, https:\/\/gustofood.net\/wp-content\/uploads\/2021\/12\/mike-bergmann-tHjXXy1kk_Q-unsplash-1536x714.png 1536w, https:\/\/gustofood.net\/wp-content\/uploads\/2021\/12\/mike-bergmann-tHjXXy1kk_Q-unsplash-2048x952.png 2048w, https:\/\/gustofood.net\/wp-content\/uploads\/2021\/12\/mike-bergmann-tHjXXy1kk_Q-unsplash-230x107.png 230w, https:\/\/gustofood.net\/wp-content\/uploads\/2021\/12\/mike-bergmann-tHjXXy1kk_Q-unsplash-600x279.png 600w\" sizes=\"auto, (max-width: 2719px) 100vw, 2719px\" \/><\/p>\n<ul>\n<li>GURME OKYANUS LEZZETLER\u0130<\/li>\n<li>OKYANUSUN LEZZET\u0130N\u0130 KE\u015eFED\u0130N<\/li>\n<li>GURME OKYANUS LEZZETLER\u0130<\/li>\n<li>OKYANUSUN LEZZET\u0130N\u0130 KE\u015eFED\u0130N<\/li>\n<\/ul>\n<h2>Gurme Deniz \u00dcr\u00fcnleri<\/h2>\n<p><a href=\"https:\/\/gustofood.net\/kategori\/karidesler\/\"><br \/>\n<img loading=\"lazy\" decoding=\"async\" width=\"2560\" height=\"2560\" src=\"https:\/\/gustofood.net\/wp-content\/uploads\/2021\/12\/1.jpg\" alt=\"\" loading=\"lazy\" srcset=\"https:\/\/gustofood.net\/wp-content\/uploads\/2021\/12\/1.jpg 2560w, https:\/\/gustofood.net\/wp-content\/uploads\/2021\/12\/1-300x300.jpg 300w, https:\/\/gustofood.net\/wp-content\/uploads\/2021\/12\/1-1024x1024.jpg 1024w, https:\/\/gustofood.net\/wp-content\/uploads\/2021\/12\/1-150x150.jpg 150w, https:\/\/gustofood.net\/wp-content\/uploads\/2021\/12\/1-768x768.jpg 768w, https:\/\/gustofood.net\/wp-content\/uploads\/2021\/12\/1-1536x1536.jpg 1536w, https:\/\/gustofood.net\/wp-content\/uploads\/2021\/12\/1-2048x2048.jpg 2048w, https:\/\/gustofood.net\/wp-content\/uploads\/2021\/12\/1-400x400.jpg 400w, https:\/\/gustofood.net\/wp-content\/uploads\/2021\/12\/1-230x230.jpg 230w, https:\/\/gustofood.net\/wp-content\/uploads\/2021\/12\/1-600x600.jpg 600w, https:\/\/gustofood.net\/wp-content\/uploads\/2021\/12\/1-160x160.jpg 160w\" sizes=\"auto, (max-width: 2560px) 100vw, 2560px\" \/> <\/a><\/p>\n<h2><a href=\"https:\/\/gustofood.net\/kategori\/karidesler\/\">Karides<\/a><\/h2>\n<p><a href=\"https:\/\/gustofood.net\/kategori\/yengecler\/\"><br \/>\n<img loading=\"lazy\" decoding=\"async\" width=\"2560\" height=\"2560\" src=\"https:\/\/gustofood.net\/wp-content\/uploads\/2021\/12\/2.jpg\" alt=\"\" loading=\"lazy\" srcset=\"https:\/\/gustofood.net\/wp-content\/uploads\/2021\/12\/2.jpg 2560w, https:\/\/gustofood.net\/wp-content\/uploads\/2021\/12\/2-300x300.jpg 300w, https:\/\/gustofood.net\/wp-content\/uploads\/2021\/12\/2-1024x1024.jpg 1024w, https:\/\/gustofood.net\/wp-content\/uploads\/2021\/12\/2-150x150.jpg 150w, https:\/\/gustofood.net\/wp-content\/uploads\/2021\/12\/2-768x768.jpg 768w, https:\/\/gustofood.net\/wp-content\/uploads\/2021\/12\/2-1536x1536.jpg 1536w, https:\/\/gustofood.net\/wp-content\/uploads\/2021\/12\/2-2048x2048.jpg 2048w, https:\/\/gustofood.net\/wp-content\/uploads\/2021\/12\/2-400x400.jpg 400w, https:\/\/gustofood.net\/wp-content\/uploads\/2021\/12\/2-230x230.jpg 230w, https:\/\/gustofood.net\/wp-content\/uploads\/2021\/12\/2-600x600.jpg 600w, https:\/\/gustofood.net\/wp-content\/uploads\/2021\/12\/2-160x160.jpg 160w\" sizes=\"auto, (max-width: 2560px) 100vw, 2560px\" \/> <\/a><\/p>\n<h2>Yenge\u00e7<\/h2>\n<p><a href=\"https:\/\/gustofood.net\/kategori\/istakozlar\/\"><br \/>\n<img loading=\"lazy\" decoding=\"async\" width=\"2560\" height=\"2560\" src=\"https:\/\/gustofood.net\/wp-content\/uploads\/2021\/12\/3.jpg\" alt=\"\" loading=\"lazy\" srcset=\"https:\/\/gustofood.net\/wp-content\/uploads\/2021\/12\/3.jpg 2560w, https:\/\/gustofood.net\/wp-content\/uploads\/2021\/12\/3-300x300.jpg 300w, https:\/\/gustofood.net\/wp-content\/uploads\/2021\/12\/3-1024x1024.jpg 1024w, https:\/\/gustofood.net\/wp-content\/uploads\/2021\/12\/3-150x150.jpg 150w, https:\/\/gustofood.net\/wp-content\/uploads\/2021\/12\/3-768x768.jpg 768w, https:\/\/gustofood.net\/wp-content\/uploads\/2021\/12\/3-1536x1536.jpg 1536w, https:\/\/gustofood.net\/wp-content\/uploads\/2021\/12\/3-2048x2048.jpg 2048w, https:\/\/gustofood.net\/wp-content\/uploads\/2021\/12\/3-400x400.jpg 400w, https:\/\/gustofood.net\/wp-content\/uploads\/2021\/12\/3-230x230.jpg 230w, https:\/\/gustofood.net\/wp-content\/uploads\/2021\/12\/3-600x600.jpg 600w, https:\/\/gustofood.net\/wp-content\/uploads\/2021\/12\/3-160x160.jpg 160w\" sizes=\"auto, (max-width: 2560px) 100vw, 2560px\" \/> <\/a><\/p>\n<h2><a href=\"https:\/\/gustofood.net\/kategori\/deniz-urunleri\/\">Istakoz<\/a><\/h2>\n<p><img loading=\"lazy\" decoding=\"async\" width=\"1358\" height=\"1379\" src=\"https:\/\/gustofood.net\/wp-content\/uploads\/2021\/11\/iStock-474147974.jpg\" alt=\"\" loading=\"lazy\" srcset=\"https:\/\/gustofood.net\/wp-content\/uploads\/2021\/11\/iStock-474147974.jpg 1358w, https:\/\/gustofood.net\/wp-content\/uploads\/2021\/11\/iStock-474147974-230x234.jpg 230w, https:\/\/gustofood.net\/wp-content\/uploads\/2021\/11\/iStock-474147974-600x609.jpg 600w, https:\/\/gustofood.net\/wp-content\/uploads\/2021\/11\/iStock-474147974-295x300.jpg 295w, https:\/\/gustofood.net\/wp-content\/uploads\/2021\/11\/iStock-474147974-1008x1024.jpg 1008w, https:\/\/gustofood.net\/wp-content\/uploads\/2021\/11\/iStock-474147974-768x780.jpg 768w\" sizes=\"auto, (max-width: 1358px) 100vw, 1358px\" \/><br \/>\n<img loading=\"lazy\" decoding=\"async\" width=\"411\" height=\"242\" src=\"https:\/\/gustofood.net\/wp-content\/uploads\/2021\/11\/fish2.png\" alt=\"\" loading=\"lazy\" srcset=\"https:\/\/gustofood.net\/wp-content\/uploads\/2021\/11\/fish2.png 411w, https:\/\/gustofood.net\/wp-content\/uploads\/2021\/11\/fish2-230x135.png 230w, https:\/\/gustofood.net\/wp-content\/uploads\/2021\/11\/fish2-300x177.png 300w\" sizes=\"auto, (max-width: 411px) 100vw, 411px\" \/><\/p>\n<h2>HAKKIMIZDA<\/h2>\n<h2>\u00d6nceli\u011fimiz m\u00fc\u015fteri memnuniyeti<\/h2>\n<p>Y\u00fcksek kalite ve standart Gusto G\u0131da i\u00e7in en \u00f6nemli prensiptir. 2007 y\u0131l\u0131nda yerli ve ithal dondurulmu\u015f deniz \u00fcr\u00fcnlerinin sat\u0131\u015f ve pazarlamas\u0131 amac\u0131yla \u0130stanbul\u2019da kurulan GUSTO GIDA \u0130THALAT LTD. \u015eT\u0130. T\u00fcrkiye\u2019nin \u00e7e\u015fitli b\u00f6lgelerinden toplat\u0131p i\u015fletti\u011fi ve ba\u015fta Asya olmak \u00fczere d\u00fcnyan\u0131n d\u00f6rt bir yan\u0131ndan ithal etti\u011fi y\u00fcksek kalitedeki deniz \u00fcr\u00fcnlerini tecr\u00fcbeli ve uzman \u00e7al\u0131\u015fanlar\u0131yla m\u00fc\u015fterilerine sunar.<\/p>\n<p><img loading=\"lazy\" decoding=\"async\" width=\"2304\" height=\"2560\" src=\"https:\/\/gustofood.net\/wp-content\/uploads\/2021\/11\/Gusto1361-1-scaled.jpg\" alt=\"\" loading=\"lazy\" srcset=\"https:\/\/gustofood.net\/wp-content\/uploads\/2021\/11\/Gusto1361-1-scaled.jpg 2304w, https:\/\/gustofood.net\/wp-content\/uploads\/2021\/11\/Gusto1361-1-scaled-230x256.jpg 230w, https:\/\/gustofood.net\/wp-content\/uploads\/2021\/11\/Gusto1361-1-scaled-600x667.jpg 600w, https:\/\/gustofood.net\/wp-content\/uploads\/2021\/11\/Gusto1361-1-270x300.jpg 270w, https:\/\/gustofood.net\/wp-content\/uploads\/2021\/11\/Gusto1361-1-921x1024.jpg 921w, https:\/\/gustofood.net\/wp-content\/uploads\/2021\/11\/Gusto1361-1-768x853.jpg 768w, https:\/\/gustofood.net\/wp-content\/uploads\/2021\/11\/Gusto1361-1-1382x1536.jpg 1382w, https:\/\/gustofood.net\/wp-content\/uploads\/2021\/11\/Gusto1361-1-1843x2048.jpg 1843w\" sizes=\"auto, (max-width: 2304px) 100vw, 2304px\" \/><br \/>\n<img loading=\"lazy\" decoding=\"async\" width=\"1825\" height=\"2560\" src=\"https:\/\/gustofood.net\/wp-content\/uploads\/2021\/11\/Gusto1365-1-scaled.jpg\" alt=\"\" loading=\"lazy\" srcset=\"https:\/\/gustofood.net\/wp-content\/uploads\/2021\/11\/Gusto1365-1-scaled.jpg 1825w, https:\/\/gustofood.net\/wp-content\/uploads\/2021\/11\/Gusto1365-1-scaled-230x323.jpg 230w, https:\/\/gustofood.net\/wp-content\/uploads\/2021\/11\/Gusto1365-1-scaled-600x842.jpg 600w, https:\/\/gustofood.net\/wp-content\/uploads\/2021\/11\/Gusto1365-1-214x300.jpg 214w, https:\/\/gustofood.net\/wp-content\/uploads\/2021\/11\/Gusto1365-1-730x1024.jpg 730w, https:\/\/gustofood.net\/wp-content\/uploads\/2021\/11\/Gusto1365-1-768x1077.jpg 768w, https:\/\/gustofood.net\/wp-content\/uploads\/2021\/11\/Gusto1365-1-1095x1536.jpg 1095w, https:\/\/gustofood.net\/wp-content\/uploads\/2021\/11\/Gusto1365-1-1460x2048.jpg 1460w\" sizes=\"auto, (max-width: 1825px) 100vw, 1825px\" \/><br \/>\n<a href=\"https:\/\/gustofood.net\/magaza\/\"><br \/>\n<img loading=\"lazy\" decoding=\"async\" width=\"2560\" height=\"1345\" src=\"https:\/\/gustofood.net\/wp-content\/uploads\/2021\/12\/gusto_alt-slider-1-scaled.jpg\" alt=\"\" loading=\"lazy\" srcset=\"https:\/\/gustofood.net\/wp-content\/uploads\/2021\/12\/gusto_alt-slider-1-scaled.jpg 2560w, https:\/\/gustofood.net\/wp-content\/uploads\/2021\/12\/gusto_alt-slider-1-300x158.jpg 300w, https:\/\/gustofood.net\/wp-content\/uploads\/2021\/12\/gusto_alt-slider-1-1024x538.jpg 1024w, https:\/\/gustofood.net\/wp-content\/uploads\/2021\/12\/gusto_alt-slider-1-768x404.jpg 768w, https:\/\/gustofood.net\/wp-content\/uploads\/2021\/12\/gusto_alt-slider-1-1536x807.jpg 1536w, https:\/\/gustofood.net\/wp-content\/uploads\/2021\/12\/gusto_alt-slider-1-2048x1076.jpg 2048w, https:\/\/gustofood.net\/wp-content\/uploads\/2021\/12\/gusto_alt-slider-1-230x121.jpg 230w, https:\/\/gustofood.net\/wp-content\/uploads\/2021\/12\/gusto_alt-slider-1-600x315.jpg 600w\" sizes=\"auto, (max-width: 2560px) 100vw, 2560px\" \/> <\/a><\/p>\n","protected":false},"excerpt":{"rendered":"<p>GURME OKYANUS LEZZETLER\u0130 OKYANUSUN LEZZET\u0130N\u0130 KE\u015eFED\u0130N GURME OKYANUS LEZZETLER\u0130 OKYANUSUN LEZZET\u0130N\u0130 KE\u015eFED\u0130N Gurme Deniz \u00dcr\u00fcnleri Karides Yenge\u00e7 Istakoz HAKKIMIZDA \u00d6nceli\u011fimiz m\u00fc\u015fteri memnuniyeti Y\u00fcksek kalite ve standart Gusto G\u0131da i\u00e7in en \u00f6nemli prensiptir. 2007 y\u0131l\u0131nda yerli ve ithal dondurulmu\u015f deniz \u00fcr\u00fcnlerinin sat\u0131\u015f ve pazarlamas\u0131 amac\u0131yla \u0130stanbul\u2019da kurulan GUSTO GIDA \u0130THALAT LTD. [&hellip;]<\/p>\n","protected":false},"author":1,"featured_media":0,"parent":0,"menu_order":0,"comment_status":"closed","ping_status":"closed","template":"","meta":{"footnotes":""},"class_list":["post-27","page","type-page","status-publish","hentry"],"aioseo_notices":[],"_links":{"self":[{"href":"https:\/\/gustofood.net\/index.php?rest_route=\/wp\/v2\/pages\/27","targetHints":{"allow":["GET"]}}],"collection":[{"href":"https:\/\/gustofood.net\/index.php?rest_route=\/wp\/v2\/pages"}],"about":[{"href":"https:\/\/gustofood.net\/index.php?rest_route=\/wp\/v2\/types\/page"}],"author":[{"embeddable":true,"href":"https:\/\/gustofood.net\/index.php?rest_route=\/wp\/v2\/users\/1"}],"replies":[{"embeddable":true,"href":"https:\/\/gustofood.net\/index.php?rest_route=%2Fwp%2Fv2%2Fcomments&post=27"}],"version-history":[{"count":4,"href":"https:\/\/gustofood.net\/index.php?rest_route=\/wp\/v2\/pages\/27\/revisions"}],"predecessor-version":[{"id":1377,"href":"https:\/\/gustofood.net\/index.php?rest_route=\/wp\/v2\/pages\/27\/revisions\/1377"}],"wp:attachment":[{"href":"https:\/\/gustofood.net\/index.php?rest_route=%2Fwp%2Fv2%2Fmedia&parent=27"}],"curies":[{"name":"wp","href":"https:\/\/api.w.org\/{rel}","templated":true}]}}