{"id":1011,"date":"2021-12-14T14:42:30","date_gmt":"2021-12-14T11:42:30","guid":{"rendered":"https:\/\/gustofood.net\/?post_type=product&#038;p=1011"},"modified":"2025-12-03T17:31:46","modified_gmt":"2025-12-03T14:31:46","slug":"surumi","status":"publish","type":"product","link":"https:\/\/gustofood.net\/?product=surumi","title":{"rendered":"Surumi"},"content":{"rendered":"<p><span>Beyaz etli bal\u0131klar\u0131n ezilip kar\u0131\u015ft\u0131r\u0131lmas\u0131ndan ve homojen bir kar\u0131\u015f\u0131m elde edilmesinden sonra i\u00e7erisine <\/span><a class=\"inline-keyword\" href=\"https:\/\/www.hurriyet.com.tr\/mahmure\/astroloji\/yengec-burcu\/\" target=\"_blank\" data-adservice-interactive-adunit=\"\/9927946\/hurriyet\/lezizz\/interstitial_oop\" rel=\"noopener\"><\/a><span>yenge\u00e7, \u0131stakoz veya karides aromalar\u0131n\u0131 bar\u0131nd\u0131ran lezzetli Surimi Gusto Seafood fark\u0131yla sizlerle<\/span><\/p>\n","protected":false},"excerpt":{"rendered":"<p>Beyaz etli bal\u0131klar\u0131n ezilip kar\u0131\u015ft\u0131r\u0131lmas\u0131ndan ve homojen bir kar\u0131\u015f\u0131m elde edilmesinden sonra i\u00e7erisine yenge\u00e7, \u0131stakoz veya karides aromalar\u0131n\u0131 bar\u0131nd\u0131ran lezzetli Surimi Gusto Seafood fark\u0131yla sizlerle<\/p>\n","protected":false},"featured_media":1012,"comment_status":"open","ping_status":"closed","template":"","meta":[],"product_brand":[],"product_cat":[33],"product_tag":[],"class_list":{"0":"post-1011","1":"product","2":"type-product","3":"status-publish","4":"has-post-thumbnail","6":"product_cat-yengecler","8":"first","9":"instock","10":"taxable","11":"shipping-taxable","12":"product-type-simple"},"aioseo_notices":[],"_links":{"self":[{"href":"https:\/\/gustofood.net\/index.php?rest_route=\/wp\/v2\/product\/1011","targetHints":{"allow":["GET"]}}],"collection":[{"href":"https:\/\/gustofood.net\/index.php?rest_route=\/wp\/v2\/product"}],"about":[{"href":"https:\/\/gustofood.net\/index.php?rest_route=\/wp\/v2\/types\/product"}],"replies":[{"embeddable":true,"href":"https:\/\/gustofood.net\/index.php?rest_route=%2Fwp%2Fv2%2Fcomments&post=1011"}],"version-history":[{"count":1,"href":"https:\/\/gustofood.net\/index.php?rest_route=\/wp\/v2\/product\/1011\/revisions"}],"predecessor-version":[{"id":1410,"href":"https:\/\/gustofood.net\/index.php?rest_route=\/wp\/v2\/product\/1011\/revisions\/1410"}],"wp:featuredmedia":[{"embeddable":true,"href":"https:\/\/gustofood.net\/index.php?rest_route=\/wp\/v2\/media\/1012"}],"wp:attachment":[{"href":"https:\/\/gustofood.net\/index.php?rest_route=%2Fwp%2Fv2%2Fmedia&parent=1011"}],"wp:term":[{"taxonomy":"product_brand","embeddable":true,"href":"https:\/\/gustofood.net\/index.php?rest_route=%2Fwp%2Fv2%2Fproduct_brand&post=1011"},{"taxonomy":"product_cat","embeddable":true,"href":"https:\/\/gustofood.net\/index.php?rest_route=%2Fwp%2Fv2%2Fproduct_cat&post=1011"},{"taxonomy":"product_tag","embeddable":true,"href":"https:\/\/gustofood.net\/index.php?rest_route=%2Fwp%2Fv2%2Fproduct_tag&post=1011"}],"curies":[{"name":"wp","href":"https:\/\/api.w.org\/{rel}","templated":true}]}}