{"id":921,"date":"2021-12-12T21:23:57","date_gmt":"2021-12-12T18:23:57","guid":{"rendered":"https:\/\/gustofood.net\/?post_type=product&#038;p=921"},"modified":"2021-12-22T01:16:45","modified_gmt":"2021-12-21T22:16:45","slug":"kalkan-baligi","status":"publish","type":"product","link":"https:\/\/gustofood.net\/?product=kalkan-baligi","title":{"rendered":"Kalkan Bal\u0131\u011f\u0131"},"content":{"rendered":"<p><span>Kalkan bal\u0131\u011f\u0131, Atlas Okyanusu&#8217;nun do\u011fusunda k\u0131y\u0131 yak\u0131nlar\u0131nda, Akdenizde, Ege denizi&#8217;nde, Marmara denizi&#8217;nde ve Karadeniz&#8217;de Gusto SeaFood \u00f6zeni ile 50 metre derinliklerden toplanarak sofralar\u0131n\u0131zla bulu\u015fuyor.<\/span><\/p>\n","protected":false},"excerpt":{"rendered":"<p>Kalkan bal\u0131\u011f\u0131, Atlas Okyanusu&#8217;nun do\u011fusunda k\u0131y\u0131 yak\u0131nlar\u0131nda, Akdenizde, Ege denizi&#8217;nde, Marmara denizi&#8217;nde ve Karadeniz&#8217;de Gusto SeaFood \u00f6zeni ile 50 metre derinliklerden toplanarak sofralar\u0131n\u0131zla bulu\u015fuyor.<\/p>\n","protected":false},"featured_media":295,"comment_status":"open","ping_status":"closed","template":"","meta":[],"product_brand":[],"product_cat":[36],"product_tag":[53,52],"class_list":{"0":"post-921","1":"product","2":"type-product","3":"status-publish","4":"has-post-thumbnail","6":"product_cat-baliklar","7":"product_tag-balik","8":"product_tag-kalkan-baligi","10":"first","11":"instock","12":"taxable","13":"shipping-taxable","14":"product-type-simple"},"aioseo_notices":[],"_links":{"self":[{"href":"https:\/\/gustofood.net\/index.php?rest_route=\/wp\/v2\/product\/921","targetHints":{"allow":["GET"]}}],"collection":[{"href":"https:\/\/gustofood.net\/index.php?rest_route=\/wp\/v2\/product"}],"about":[{"href":"https:\/\/gustofood.net\/index.php?rest_route=\/wp\/v2\/types\/product"}],"replies":[{"embeddable":true,"href":"https:\/\/gustofood.net\/index.php?rest_route=%2Fwp%2Fv2%2Fcomments&post=921"}],"version-history":[{"count":0,"href":"https:\/\/gustofood.net\/index.php?rest_route=\/wp\/v2\/product\/921\/revisions"}],"wp:featuredmedia":[{"embeddable":true,"href":"https:\/\/gustofood.net\/index.php?rest_route=\/wp\/v2\/media\/295"}],"wp:attachment":[{"href":"https:\/\/gustofood.net\/index.php?rest_route=%2Fwp%2Fv2%2Fmedia&parent=921"}],"wp:term":[{"taxonomy":"product_brand","embeddable":true,"href":"https:\/\/gustofood.net\/index.php?rest_route=%2Fwp%2Fv2%2Fproduct_brand&post=921"},{"taxonomy":"product_cat","embeddable":true,"href":"https:\/\/gustofood.net\/index.php?rest_route=%2Fwp%2Fv2%2Fproduct_cat&post=921"},{"taxonomy":"product_tag","embeddable":true,"href":"https:\/\/gustofood.net\/index.php?rest_route=%2Fwp%2Fv2%2Fproduct_tag&post=921"}],"curies":[{"name":"wp","href":"https:\/\/api.w.org\/{rel}","templated":true}]}}