{"id":922,"date":"2021-12-12T21:24:43","date_gmt":"2021-12-12T18:24:43","guid":{"rendered":"https:\/\/gustofood.net\/?post_type=product&#038;p=922"},"modified":"2021-12-22T01:13:06","modified_gmt":"2021-12-21T22:13:06","slug":"orkinos","status":"publish","type":"product","link":"https:\/\/gustofood.net\/?product=orkinos","title":{"rendered":"Orkinos"},"content":{"rendered":"<p><span>Yasal reg\u00fclasyonlar \u00e7er\u00e7evesinde Akdeniz&#8217;de avlanarak Gusto SeaFood&#8217;un \u00e7iftliklerindeki \u00a0havuzlara aktar\u0131lan orkinoslar, burada istenen b\u00fcy\u00fckl\u00fc\u011fe ula\u015f\u0131ncaya kadar\u00a0beslenir.Orkinos Gusto ustalar\u0131n\u0131n \u00f6zel artisan teknikleriyle \u00f6zenle i\u015flenir, f\u00fcmelenir ve kurutulur.<\/span><\/p>\n","protected":false},"excerpt":{"rendered":"<p>Yasal reg\u00fclasyonlar \u00e7er\u00e7evesinde Akdeniz&#8217;de avlanarak Gusto SeaFood&#8217;un \u00e7iftliklerindeki \u00a0havuzlara aktar\u0131lan orkinoslar, burada istenen b\u00fcy\u00fckl\u00fc\u011fe ula\u015f\u0131ncaya kadar\u00a0beslenir.Orkinos Gusto ustalar\u0131n\u0131n \u00f6zel artisan teknikleriyle \u00f6zenle i\u015flenir, f\u00fcmelenir ve kurutulur.<\/p>\n","protected":false},"featured_media":1066,"comment_status":"open","ping_status":"closed","template":"","meta":[],"product_brand":[],"product_cat":[36],"product_tag":[54],"class_list":{"0":"post-922","1":"product","2":"type-product","3":"status-publish","4":"has-post-thumbnail","6":"product_cat-baliklar","7":"product_tag-orkinos","9":"first","10":"instock","11":"taxable","12":"shipping-taxable","13":"product-type-simple"},"aioseo_notices":[],"_links":{"self":[{"href":"https:\/\/gustofood.net\/index.php?rest_route=\/wp\/v2\/product\/922","targetHints":{"allow":["GET"]}}],"collection":[{"href":"https:\/\/gustofood.net\/index.php?rest_route=\/wp\/v2\/product"}],"about":[{"href":"https:\/\/gustofood.net\/index.php?rest_route=\/wp\/v2\/types\/product"}],"replies":[{"embeddable":true,"href":"https:\/\/gustofood.net\/index.php?rest_route=%2Fwp%2Fv2%2Fcomments&post=922"}],"version-history":[{"count":0,"href":"https:\/\/gustofood.net\/index.php?rest_route=\/wp\/v2\/product\/922\/revisions"}],"wp:featuredmedia":[{"embeddable":true,"href":"https:\/\/gustofood.net\/index.php?rest_route=\/wp\/v2\/media\/1066"}],"wp:attachment":[{"href":"https:\/\/gustofood.net\/index.php?rest_route=%2Fwp%2Fv2%2Fmedia&parent=922"}],"wp:term":[{"taxonomy":"product_brand","embeddable":true,"href":"https:\/\/gustofood.net\/index.php?rest_route=%2Fwp%2Fv2%2Fproduct_brand&post=922"},{"taxonomy":"product_cat","embeddable":true,"href":"https:\/\/gustofood.net\/index.php?rest_route=%2Fwp%2Fv2%2Fproduct_cat&post=922"},{"taxonomy":"product_tag","embeddable":true,"href":"https:\/\/gustofood.net\/index.php?rest_route=%2Fwp%2Fv2%2Fproduct_tag&post=922"}],"curies":[{"name":"wp","href":"https:\/\/api.w.org\/{rel}","templated":true}]}}