{"id":923,"date":"2021-12-12T21:25:14","date_gmt":"2021-12-12T18:25:14","guid":{"rendered":"https:\/\/gustofood.net\/?post_type=product&#038;p=923"},"modified":"2021-12-22T01:07:49","modified_gmt":"2021-12-21T22:07:49","slug":"barbun","status":"publish","type":"product","link":"https:\/\/gustofood.net\/?product=barbun","title":{"rendered":"Barbun"},"content":{"rendered":"<p><span>Aileniz ve sevdiklerinizle keyifle yiyebilece\u011finiz barbun, kalabal\u0131k sofralar\u0131n vazge\u00e7ilmezleri aras\u0131nda yer al\u0131r.Sizlere ula\u015ft\u0131rd\u0131\u011f\u0131m\u0131z \u00a0birbirinden taze bal\u0131klar aras\u0131nda olan orta boy barbun pek \u00e7ok pi\u015firme y\u00f6ntemiyle rahat\u00e7a yemek haz\u0131rlaman\u0131za olanak sa\u011flar ve Gusto SeaFood titizli\u011fiyle sofralar\u0131n\u0131za ula\u015f\u0131r.\u00a0<\/span><\/p>\n","protected":false},"excerpt":{"rendered":"<p>Aileniz ve sevdiklerinizle keyifle yiyebilece\u011finiz barbun, kalabal\u0131k sofralar\u0131n vazge\u00e7ilmezleri aras\u0131nda yer al\u0131r.Sizlere ula\u015ft\u0131rd\u0131\u011f\u0131m\u0131z \u00a0birbirinden taze bal\u0131klar aras\u0131nda olan orta boy barbun pek \u00e7ok pi\u015firme y\u00f6ntemiyle rahat\u00e7a yemek haz\u0131rlaman\u0131za olanak sa\u011flar ve Gusto SeaFood titizli\u011fiyle sofralar\u0131n\u0131za ula\u015f\u0131r.\u00a0<\/p>\n","protected":false},"featured_media":1043,"comment_status":"open","ping_status":"closed","template":"","meta":[],"product_brand":[],"product_cat":[36],"product_tag":[53,55],"class_list":{"0":"post-923","1":"product","2":"type-product","3":"status-publish","4":"has-post-thumbnail","6":"product_cat-baliklar","7":"product_tag-balik","8":"product_tag-barbun","10":"first","11":"instock","12":"taxable","13":"shipping-taxable","14":"product-type-simple"},"aioseo_notices":[],"_links":{"self":[{"href":"https:\/\/gustofood.net\/index.php?rest_route=\/wp\/v2\/product\/923","targetHints":{"allow":["GET"]}}],"collection":[{"href":"https:\/\/gustofood.net\/index.php?rest_route=\/wp\/v2\/product"}],"about":[{"href":"https:\/\/gustofood.net\/index.php?rest_route=\/wp\/v2\/types\/product"}],"replies":[{"embeddable":true,"href":"https:\/\/gustofood.net\/index.php?rest_route=%2Fwp%2Fv2%2Fcomments&post=923"}],"version-history":[{"count":0,"href":"https:\/\/gustofood.net\/index.php?rest_route=\/wp\/v2\/product\/923\/revisions"}],"wp:featuredmedia":[{"embeddable":true,"href":"https:\/\/gustofood.net\/index.php?rest_route=\/wp\/v2\/media\/1043"}],"wp:attachment":[{"href":"https:\/\/gustofood.net\/index.php?rest_route=%2Fwp%2Fv2%2Fmedia&parent=923"}],"wp:term":[{"taxonomy":"product_brand","embeddable":true,"href":"https:\/\/gustofood.net\/index.php?rest_route=%2Fwp%2Fv2%2Fproduct_brand&post=923"},{"taxonomy":"product_cat","embeddable":true,"href":"https:\/\/gustofood.net\/index.php?rest_route=%2Fwp%2Fv2%2Fproduct_cat&post=923"},{"taxonomy":"product_tag","embeddable":true,"href":"https:\/\/gustofood.net\/index.php?rest_route=%2Fwp%2Fv2%2Fproduct_tag&post=923"}],"curies":[{"name":"wp","href":"https:\/\/api.w.org\/{rel}","templated":true}]}}