{"id":924,"date":"2021-12-12T21:25:47","date_gmt":"2021-12-12T18:25:47","guid":{"rendered":"https:\/\/gustofood.net\/?post_type=product&#038;p=924"},"modified":"2021-12-22T01:34:49","modified_gmt":"2021-12-21T22:34:49","slug":"somon","status":"publish","type":"product","link":"https:\/\/gustofood.net\/?product=somon","title":{"rendered":"Somon"},"content":{"rendered":"<p>So\u011fuk denizlerden taba\u011f\u0131n\u0131za gelen Somon bal\u0131\u011f\u0131,\u00a0zengin Omega 3 ya\u011f asitlerine ve y\u00fcksek miktarda kaliteli protein kayna\u011f\u0131na sahip olan so\u011fuk su bal\u0131\u011f\u0131d\u0131r. Her tarifle lezzetli olan Somon bal\u0131\u011f\u0131 Gusto Seafood ile sizlerle.<\/p>\n","protected":false},"excerpt":{"rendered":"<p>So\u011fuk denizlerden taba\u011f\u0131n\u0131za gelen Somon bal\u0131\u011f\u0131,\u00a0zengin Omega 3 ya\u011f asitlerine ve y\u00fcksek miktarda kaliteli protein kayna\u011f\u0131na sahip olan so\u011fuk su bal\u0131\u011f\u0131d\u0131r. Her tarifle lezzetli olan Somon bal\u0131\u011f\u0131 Gusto Seafood ile sizlerle.<\/p>\n","protected":false},"featured_media":1045,"comment_status":"open","ping_status":"closed","template":"","meta":[],"product_brand":[],"product_cat":[36],"product_tag":[53,56],"class_list":{"0":"post-924","1":"product","2":"type-product","3":"status-publish","4":"has-post-thumbnail","6":"product_cat-baliklar","7":"product_tag-balik","8":"product_tag-somon","10":"first","11":"instock","12":"taxable","13":"shipping-taxable","14":"product-type-simple"},"aioseo_notices":[],"_links":{"self":[{"href":"https:\/\/gustofood.net\/index.php?rest_route=\/wp\/v2\/product\/924","targetHints":{"allow":["GET"]}}],"collection":[{"href":"https:\/\/gustofood.net\/index.php?rest_route=\/wp\/v2\/product"}],"about":[{"href":"https:\/\/gustofood.net\/index.php?rest_route=\/wp\/v2\/types\/product"}],"replies":[{"embeddable":true,"href":"https:\/\/gustofood.net\/index.php?rest_route=%2Fwp%2Fv2%2Fcomments&post=924"}],"version-history":[{"count":0,"href":"https:\/\/gustofood.net\/index.php?rest_route=\/wp\/v2\/product\/924\/revisions"}],"wp:featuredmedia":[{"embeddable":true,"href":"https:\/\/gustofood.net\/index.php?rest_route=\/wp\/v2\/media\/1045"}],"wp:attachment":[{"href":"https:\/\/gustofood.net\/index.php?rest_route=%2Fwp%2Fv2%2Fmedia&parent=924"}],"wp:term":[{"taxonomy":"product_brand","embeddable":true,"href":"https:\/\/gustofood.net\/index.php?rest_route=%2Fwp%2Fv2%2Fproduct_brand&post=924"},{"taxonomy":"product_cat","embeddable":true,"href":"https:\/\/gustofood.net\/index.php?rest_route=%2Fwp%2Fv2%2Fproduct_cat&post=924"},{"taxonomy":"product_tag","embeddable":true,"href":"https:\/\/gustofood.net\/index.php?rest_route=%2Fwp%2Fv2%2Fproduct_tag&post=924"}],"curies":[{"name":"wp","href":"https:\/\/api.w.org\/{rel}","templated":true}]}}