{"id":927,"date":"2021-12-12T21:27:36","date_gmt":"2021-12-12T18:27:36","guid":{"rendered":"https:\/\/gustofood.net\/?post_type=product&#038;p=927"},"modified":"2021-12-22T01:31:44","modified_gmt":"2021-12-21T22:31:44","slug":"kerevit","status":"publish","type":"product","link":"https:\/\/gustofood.net\/?product=kerevit","title":{"rendered":"Kerevit"},"content":{"rendered":"<p>Tatl\u0131 su \u0131stakozu olarak bilinen, karidesinin b\u00fcy\u00fc\u011f\u00fc, \u0131stakozun k\u00fc\u00e7\u00fc\u011f\u00fc olarak da kabul edilen\u00a0kerevit, \u00f6zellikle \u0130sve\u00e7lilerin \u00e7ok sevdikleri ve s\u0131k\u00e7a t\u00fckettikleri bir deniz \u00fcr\u00fcn\u00fcd\u00fcr. \u00d6zenle haz\u0131rlan\u0131p pi\u015firilen Kerevit Gusto Seafood farkl\u0131 ile sizlerle.<\/p>\n","protected":false},"excerpt":{"rendered":"<p>Tatl\u0131 su \u0131stakozu olarak bilinen, karidesinin b\u00fcy\u00fc\u011f\u00fc, \u0131stakozun k\u00fc\u00e7\u00fc\u011f\u00fc olarak da kabul edilen\u00a0kerevit, \u00f6zellikle \u0130sve\u00e7lilerin \u00e7ok sevdikleri ve s\u0131k\u00e7a t\u00fckettikleri bir deniz \u00fcr\u00fcn\u00fcd\u00fcr. \u00d6zenle haz\u0131rlan\u0131p pi\u015firilen Kerevit Gusto Seafood farkl\u0131 ile sizlerle.<\/p>\n","protected":false},"featured_media":1035,"comment_status":"open","ping_status":"closed","template":"","meta":[],"product_brand":[],"product_cat":[35],"product_tag":[59],"class_list":{"0":"post-927","1":"product","2":"type-product","3":"status-publish","4":"has-post-thumbnail","6":"product_cat-istakozlar","7":"product_tag-kerevit","9":"first","10":"instock","11":"taxable","12":"shipping-taxable","13":"product-type-simple"},"aioseo_notices":[],"_links":{"self":[{"href":"https:\/\/gustofood.net\/index.php?rest_route=\/wp\/v2\/product\/927","targetHints":{"allow":["GET"]}}],"collection":[{"href":"https:\/\/gustofood.net\/index.php?rest_route=\/wp\/v2\/product"}],"about":[{"href":"https:\/\/gustofood.net\/index.php?rest_route=\/wp\/v2\/types\/product"}],"replies":[{"embeddable":true,"href":"https:\/\/gustofood.net\/index.php?rest_route=%2Fwp%2Fv2%2Fcomments&post=927"}],"version-history":[{"count":0,"href":"https:\/\/gustofood.net\/index.php?rest_route=\/wp\/v2\/product\/927\/revisions"}],"wp:featuredmedia":[{"embeddable":true,"href":"https:\/\/gustofood.net\/index.php?rest_route=\/wp\/v2\/media\/1035"}],"wp:attachment":[{"href":"https:\/\/gustofood.net\/index.php?rest_route=%2Fwp%2Fv2%2Fmedia&parent=927"}],"wp:term":[{"taxonomy":"product_brand","embeddable":true,"href":"https:\/\/gustofood.net\/index.php?rest_route=%2Fwp%2Fv2%2Fproduct_brand&post=927"},{"taxonomy":"product_cat","embeddable":true,"href":"https:\/\/gustofood.net\/index.php?rest_route=%2Fwp%2Fv2%2Fproduct_cat&post=927"},{"taxonomy":"product_tag","embeddable":true,"href":"https:\/\/gustofood.net\/index.php?rest_route=%2Fwp%2Fv2%2Fproduct_tag&post=927"}],"curies":[{"name":"wp","href":"https:\/\/api.w.org\/{rel}","templated":true}]}}