{"id":928,"date":"2021-12-12T21:27:49","date_gmt":"2021-12-12T18:27:49","guid":{"rendered":"https:\/\/gustofood.net\/?post_type=product&#038;p=928"},"modified":"2021-12-22T01:36:06","modified_gmt":"2021-12-21T22:36:06","slug":"kalamar","status":"publish","type":"product","link":"https:\/\/gustofood.net\/?product=kalamar","title":{"rendered":"Kalamar"},"content":{"rendered":"<p>T\u00fcrkiye\u2019de yayg\u0131n olarak bulunan ve sofralar\u0131 s\u00fcsleyen, i\u00e7i yumu\u015fac\u0131k d\u0131\u015f\u0131 \u00e7\u0131t\u0131r \u00e7\u0131t\u0131r, harika bir lezzet olan kalamar Gusto Seafood fark\u0131 ile sizlerle.<\/p>\n","protected":false},"excerpt":{"rendered":"<p>T\u00fcrkiye\u2019de yayg\u0131n olarak bulunan ve sofralar\u0131 s\u00fcsleyen, i\u00e7i yumu\u015fac\u0131k d\u0131\u015f\u0131 \u00e7\u0131t\u0131r \u00e7\u0131t\u0131r, harika bir lezzet olan kalamar Gusto Seafood fark\u0131 ile sizlerle.<\/p>\n","protected":false},"featured_media":1038,"comment_status":"open","ping_status":"closed","template":"","meta":[],"product_brand":[],"product_cat":[35],"product_tag":[30],"class_list":{"0":"post-928","1":"product","2":"type-product","3":"status-publish","4":"has-post-thumbnail","6":"product_cat-istakozlar","7":"product_tag-kalamar","9":"first","10":"instock","11":"taxable","12":"shipping-taxable","13":"product-type-simple"},"aioseo_notices":[],"_links":{"self":[{"href":"https:\/\/gustofood.net\/index.php?rest_route=\/wp\/v2\/product\/928","targetHints":{"allow":["GET"]}}],"collection":[{"href":"https:\/\/gustofood.net\/index.php?rest_route=\/wp\/v2\/product"}],"about":[{"href":"https:\/\/gustofood.net\/index.php?rest_route=\/wp\/v2\/types\/product"}],"replies":[{"embeddable":true,"href":"https:\/\/gustofood.net\/index.php?rest_route=%2Fwp%2Fv2%2Fcomments&post=928"}],"version-history":[{"count":0,"href":"https:\/\/gustofood.net\/index.php?rest_route=\/wp\/v2\/product\/928\/revisions"}],"wp:featuredmedia":[{"embeddable":true,"href":"https:\/\/gustofood.net\/index.php?rest_route=\/wp\/v2\/media\/1038"}],"wp:attachment":[{"href":"https:\/\/gustofood.net\/index.php?rest_route=%2Fwp%2Fv2%2Fmedia&parent=928"}],"wp:term":[{"taxonomy":"product_brand","embeddable":true,"href":"https:\/\/gustofood.net\/index.php?rest_route=%2Fwp%2Fv2%2Fproduct_brand&post=928"},{"taxonomy":"product_cat","embeddable":true,"href":"https:\/\/gustofood.net\/index.php?rest_route=%2Fwp%2Fv2%2Fproduct_cat&post=928"},{"taxonomy":"product_tag","embeddable":true,"href":"https:\/\/gustofood.net\/index.php?rest_route=%2Fwp%2Fv2%2Fproduct_tag&post=928"}],"curies":[{"name":"wp","href":"https:\/\/api.w.org\/{rel}","templated":true}]}}