{"id":929,"date":"2021-12-12T21:28:19","date_gmt":"2021-12-12T18:28:19","guid":{"rendered":"https:\/\/gustofood.net\/?post_type=product&#038;p=929"},"modified":"2021-12-22T01:34:05","modified_gmt":"2021-12-21T22:34:05","slug":"ahtapot","status":"publish","type":"product","link":"https:\/\/gustofood.net\/?product=ahtapot","title":{"rendered":"Ahtapot"},"content":{"rendered":"<p>Akdeniz ve Asya&#8217;da yayg\u0131n olarak t\u00fcketilmektedir. Kollar\u0131n\u0131n yan\u0131 s\u0131ra di\u011fer b\u00f6l\u00fcmleri de t\u00fcre ve bulunduklar\u0131 co\u011frafyaya g\u00f6re farkl\u0131 \u015fekillerde yemek olarak haz\u0131rlanmaktad\u0131r. Deniz \u00fcr\u00fcnleri aras\u0131nda en k\u0131ymetliler aras\u0131nda yer alan ahtapot, Gusto Seafood ile sizlerle.<\/p>\n","protected":false},"excerpt":{"rendered":"<p>Akdeniz ve Asya&#8217;da yayg\u0131n olarak t\u00fcketilmektedir. Kollar\u0131n\u0131n yan\u0131 s\u0131ra di\u011fer b\u00f6l\u00fcmleri de t\u00fcre ve bulunduklar\u0131 co\u011frafyaya g\u00f6re farkl\u0131 \u015fekillerde yemek olarak haz\u0131rlanmaktad\u0131r. Deniz \u00fcr\u00fcnleri aras\u0131nda en k\u0131ymetliler aras\u0131nda yer alan ahtapot, Gusto Seafood ile sizlerle.<\/p>\n","protected":false},"featured_media":889,"comment_status":"open","ping_status":"closed","template":"","meta":[],"product_brand":[],"product_cat":[37],"product_tag":[60],"class_list":{"0":"post-929","1":"product","2":"type-product","3":"status-publish","4":"has-post-thumbnail","6":"product_cat-ahtapot","7":"product_tag-ahtapot","9":"first","10":"instock","11":"taxable","12":"shipping-taxable","13":"product-type-simple"},"aioseo_notices":[],"_links":{"self":[{"href":"https:\/\/gustofood.net\/index.php?rest_route=\/wp\/v2\/product\/929","targetHints":{"allow":["GET"]}}],"collection":[{"href":"https:\/\/gustofood.net\/index.php?rest_route=\/wp\/v2\/product"}],"about":[{"href":"https:\/\/gustofood.net\/index.php?rest_route=\/wp\/v2\/types\/product"}],"replies":[{"embeddable":true,"href":"https:\/\/gustofood.net\/index.php?rest_route=%2Fwp%2Fv2%2Fcomments&post=929"}],"version-history":[{"count":0,"href":"https:\/\/gustofood.net\/index.php?rest_route=\/wp\/v2\/product\/929\/revisions"}],"wp:featuredmedia":[{"embeddable":true,"href":"https:\/\/gustofood.net\/index.php?rest_route=\/wp\/v2\/media\/889"}],"wp:attachment":[{"href":"https:\/\/gustofood.net\/index.php?rest_route=%2Fwp%2Fv2%2Fmedia&parent=929"}],"wp:term":[{"taxonomy":"product_brand","embeddable":true,"href":"https:\/\/gustofood.net\/index.php?rest_route=%2Fwp%2Fv2%2Fproduct_brand&post=929"},{"taxonomy":"product_cat","embeddable":true,"href":"https:\/\/gustofood.net\/index.php?rest_route=%2Fwp%2Fv2%2Fproduct_cat&post=929"},{"taxonomy":"product_tag","embeddable":true,"href":"https:\/\/gustofood.net\/index.php?rest_route=%2Fwp%2Fv2%2Fproduct_tag&post=929"}],"curies":[{"name":"wp","href":"https:\/\/api.w.org\/{rel}","templated":true}]}}