{"id":931,"date":"2021-12-12T21:30:07","date_gmt":"2021-12-12T18:30:07","guid":{"rendered":"https:\/\/gustofood.net\/?post_type=product&#038;p=931"},"modified":"2021-12-22T00:51:11","modified_gmt":"2021-12-21T21:51:11","slug":"siyah-havyar","status":"publish","type":"product","link":"https:\/\/gustofood.net\/?product=siyah-havyar","title":{"rendered":"Siyah Havyar"},"content":{"rendered":"<p><span>Hazar denizi&#8217;nde ya\u015fayan mersin bal\u0131\u011f\u0131\u00a0<\/span><span>ve bir mersin bal\u0131\u011f\u0131 t\u00fcr\u00fc olan \u00e7irozdan\u00a0<\/span><span>elde edilen yumurtalard\u0131r. Bunlar i\u00e7inde <\/span><i>siyah havyar<\/i><span>\u00a0de\u011ferlisidir.Siyah havyar\u0131n i\u00e7erdi\u011fi mineral ve vitaminler Gusto Seafood fark\u0131yla sizlerle.<\/span><\/p>\n","protected":false},"excerpt":{"rendered":"<p>Hazar denizi&#8217;nde ya\u015fayan mersin bal\u0131\u011f\u0131\u00a0ve bir mersin bal\u0131\u011f\u0131 t\u00fcr\u00fc olan \u00e7irozdan\u00a0elde edilen yumurtalard\u0131r. Bunlar i\u00e7inde siyah havyar\u00a0de\u011ferlisidir.Siyah havyar\u0131n i\u00e7erdi\u011fi mineral ve vitaminler Gusto Seafood fark\u0131yla sizlerle.<\/p>\n","protected":false},"featured_media":940,"comment_status":"open","ping_status":"closed","template":"","meta":[],"product_brand":[],"product_cat":[38],"product_tag":[61,64],"class_list":{"0":"post-931","1":"product","2":"type-product","3":"status-publish","4":"has-post-thumbnail","6":"product_cat-havyar","7":"product_tag-havyar","8":"product_tag-siyah-havyar","10":"first","11":"instock","12":"taxable","13":"shipping-taxable","14":"product-type-simple"},"aioseo_notices":[],"_links":{"self":[{"href":"https:\/\/gustofood.net\/index.php?rest_route=\/wp\/v2\/product\/931","targetHints":{"allow":["GET"]}}],"collection":[{"href":"https:\/\/gustofood.net\/index.php?rest_route=\/wp\/v2\/product"}],"about":[{"href":"https:\/\/gustofood.net\/index.php?rest_route=\/wp\/v2\/types\/product"}],"replies":[{"embeddable":true,"href":"https:\/\/gustofood.net\/index.php?rest_route=%2Fwp%2Fv2%2Fcomments&post=931"}],"version-history":[{"count":0,"href":"https:\/\/gustofood.net\/index.php?rest_route=\/wp\/v2\/product\/931\/revisions"}],"wp:featuredmedia":[{"embeddable":true,"href":"https:\/\/gustofood.net\/index.php?rest_route=\/wp\/v2\/media\/940"}],"wp:attachment":[{"href":"https:\/\/gustofood.net\/index.php?rest_route=%2Fwp%2Fv2%2Fmedia&parent=931"}],"wp:term":[{"taxonomy":"product_brand","embeddable":true,"href":"https:\/\/gustofood.net\/index.php?rest_route=%2Fwp%2Fv2%2Fproduct_brand&post=931"},{"taxonomy":"product_cat","embeddable":true,"href":"https:\/\/gustofood.net\/index.php?rest_route=%2Fwp%2Fv2%2Fproduct_cat&post=931"},{"taxonomy":"product_tag","embeddable":true,"href":"https:\/\/gustofood.net\/index.php?rest_route=%2Fwp%2Fv2%2Fproduct_tag&post=931"}],"curies":[{"name":"wp","href":"https:\/\/api.w.org\/{rel}","templated":true}]}}