{"id":932,"date":"2021-12-12T21:30:40","date_gmt":"2021-12-12T18:30:40","guid":{"rendered":"https:\/\/gustofood.net\/?post_type=product&#038;p=932"},"modified":"2021-12-22T00:47:03","modified_gmt":"2021-12-21T21:47:03","slug":"bottarga","status":"publish","type":"product","link":"https:\/\/gustofood.net\/?product=bottarga","title":{"rendered":"Bottarga"},"content":{"rendered":"<p><span>Kefal bal\u0131k yumurtas\u0131 \u00f6<\/span><span>zel salamura i\u015flemlerimiz ve kurutma tekniklerimizden ge\u00e7ip etraf\u0131 mumlanarak haz\u0131rlanm\u0131\u015ft\u0131r,<\/span><span>\u00a0Bottarga i\u00e7erdi\u011fi vitaminler sayesinde do\u011fal ba\u011f\u0131\u015f\u0131kl\u0131\u011f\u0131n\u0131z\u0131 g\u00fc\u00e7lendirmek i\u00e7in Gusto Seafood ile sizlerle bulu\u015fuyor<\/span><\/p>\n","protected":false},"excerpt":{"rendered":"<p>Kefal bal\u0131k yumurtas\u0131 \u00f6zel salamura i\u015flemlerimiz ve kurutma tekniklerimizden ge\u00e7ip etraf\u0131 mumlanarak haz\u0131rlanm\u0131\u015ft\u0131r,\u00a0Bottarga i\u00e7erdi\u011fi vitaminler sayesinde do\u011fal ba\u011f\u0131\u015f\u0131kl\u0131\u011f\u0131n\u0131z\u0131 g\u00fc\u00e7lendirmek i\u00e7in Gusto Seafood ile sizlerle bulu\u015fuyor<\/p>\n","protected":false},"featured_media":939,"comment_status":"open","ping_status":"closed","template":"","meta":[],"product_brand":[],"product_cat":[38],"product_tag":[65],"class_list":{"0":"post-932","1":"product","2":"type-product","3":"status-publish","4":"has-post-thumbnail","6":"product_cat-havyar","7":"product_tag-bottarga","9":"first","10":"instock","11":"taxable","12":"shipping-taxable","13":"product-type-simple"},"aioseo_notices":[],"_links":{"self":[{"href":"https:\/\/gustofood.net\/index.php?rest_route=\/wp\/v2\/product\/932","targetHints":{"allow":["GET"]}}],"collection":[{"href":"https:\/\/gustofood.net\/index.php?rest_route=\/wp\/v2\/product"}],"about":[{"href":"https:\/\/gustofood.net\/index.php?rest_route=\/wp\/v2\/types\/product"}],"replies":[{"embeddable":true,"href":"https:\/\/gustofood.net\/index.php?rest_route=%2Fwp%2Fv2%2Fcomments&post=932"}],"version-history":[{"count":0,"href":"https:\/\/gustofood.net\/index.php?rest_route=\/wp\/v2\/product\/932\/revisions"}],"wp:featuredmedia":[{"embeddable":true,"href":"https:\/\/gustofood.net\/index.php?rest_route=\/wp\/v2\/media\/939"}],"wp:attachment":[{"href":"https:\/\/gustofood.net\/index.php?rest_route=%2Fwp%2Fv2%2Fmedia&parent=932"}],"wp:term":[{"taxonomy":"product_brand","embeddable":true,"href":"https:\/\/gustofood.net\/index.php?rest_route=%2Fwp%2Fv2%2Fproduct_brand&post=932"},{"taxonomy":"product_cat","embeddable":true,"href":"https:\/\/gustofood.net\/index.php?rest_route=%2Fwp%2Fv2%2Fproduct_cat&post=932"},{"taxonomy":"product_tag","embeddable":true,"href":"https:\/\/gustofood.net\/index.php?rest_route=%2Fwp%2Fv2%2Fproduct_tag&post=932"}],"curies":[{"name":"wp","href":"https:\/\/api.w.org\/{rel}","templated":true}]}}