{"id":933,"date":"2021-12-12T21:31:18","date_gmt":"2021-12-12T18:31:18","guid":{"rendered":"https:\/\/gustofood.net\/?post_type=product&#038;p=933"},"modified":"2021-12-22T00:44:44","modified_gmt":"2021-12-21T21:44:44","slug":"royal-beluga-havyar","status":"publish","type":"product","link":"https:\/\/gustofood.net\/?product=royal-beluga-havyar","title":{"rendered":"Royal Beluga Havyar"},"content":{"rendered":"<p>Royal Beluga havyar \u00a0 50-400 kilo a\u011f\u0131rl\u0131\u011f\u0131ndaki ve 50 y\u0131la kadar ya\u015fayabilen Beluga mersin bal\u0131\u011f\u0131ndan elde edilir.<\/p>\n<p>Beluga havyar\u0131n\u0131n rengi koyu griden a\u00e7\u0131k gri tonda de\u011fi\u015fir. En zengin tada sahip olduklar\u0131 ve en ya\u015fl\u0131 mersin bal\u0131\u011f\u0131ndan geldikleri i\u00e7in hafif \u00e7e\u015fitler daha \u00e7ok aran\u0131r. Beluga Mersin\u00a0 havyar\u0131n\u0131n en nadir \u015feklidir ve size \u00f6zel olarak Gusto Seafood ile sofran\u0131zda<\/p>\n","protected":false},"excerpt":{"rendered":"<p>Royal Beluga havyar \u00a0 50-400 kilo a\u011f\u0131rl\u0131\u011f\u0131ndaki ve 50 y\u0131la kadar ya\u015fayabilen Beluga mersin bal\u0131\u011f\u0131ndan elde edilir. Beluga havyar\u0131n\u0131n rengi koyu griden a\u00e7\u0131k gri tonda de\u011fi\u015fir. En zengin tada sahip olduklar\u0131 ve en ya\u015fl\u0131 mersin bal\u0131\u011f\u0131ndan geldikleri i\u00e7in hafif \u00e7e\u015fitler daha \u00e7ok aran\u0131r. Beluga Mersin\u00a0 havyar\u0131n\u0131n en nadir \u015feklidir ve [&hellip;]<\/p>\n","protected":false},"featured_media":1070,"comment_status":"open","ping_status":"closed","template":"","meta":[],"product_brand":[],"product_cat":[38],"product_tag":[67,71,61,66,68,69,70],"class_list":{"0":"post-933","1":"product","2":"type-product","3":"status-publish","4":"has-post-thumbnail","6":"product_cat-havyar","7":"product_tag-beluga","8":"product_tag-beluga-havyar","9":"product_tag-havyar","10":"product_tag-royal","11":"product_tag-royal-beluga","12":"product_tag-royal-beluga-havyar","13":"product_tag-royal-havyar","15":"first","16":"instock","17":"taxable","18":"shipping-taxable","19":"product-type-simple"},"aioseo_notices":[],"_links":{"self":[{"href":"https:\/\/gustofood.net\/index.php?rest_route=\/wp\/v2\/product\/933","targetHints":{"allow":["GET"]}}],"collection":[{"href":"https:\/\/gustofood.net\/index.php?rest_route=\/wp\/v2\/product"}],"about":[{"href":"https:\/\/gustofood.net\/index.php?rest_route=\/wp\/v2\/types\/product"}],"replies":[{"embeddable":true,"href":"https:\/\/gustofood.net\/index.php?rest_route=%2Fwp%2Fv2%2Fcomments&post=933"}],"version-history":[{"count":0,"href":"https:\/\/gustofood.net\/index.php?rest_route=\/wp\/v2\/product\/933\/revisions"}],"wp:featuredmedia":[{"embeddable":true,"href":"https:\/\/gustofood.net\/index.php?rest_route=\/wp\/v2\/media\/1070"}],"wp:attachment":[{"href":"https:\/\/gustofood.net\/index.php?rest_route=%2Fwp%2Fv2%2Fmedia&parent=933"}],"wp:term":[{"taxonomy":"product_brand","embeddable":true,"href":"https:\/\/gustofood.net\/index.php?rest_route=%2Fwp%2Fv2%2Fproduct_brand&post=933"},{"taxonomy":"product_cat","embeddable":true,"href":"https:\/\/gustofood.net\/index.php?rest_route=%2Fwp%2Fv2%2Fproduct_cat&post=933"},{"taxonomy":"product_tag","embeddable":true,"href":"https:\/\/gustofood.net\/index.php?rest_route=%2Fwp%2Fv2%2Fproduct_tag&post=933"}],"curies":[{"name":"wp","href":"https:\/\/api.w.org\/{rel}","templated":true}]}}