{"id":952,"date":"2021-12-12T22:23:42","date_gmt":"2021-12-12T19:23:42","guid":{"rendered":"https:\/\/gustofood.net\/?post_type=product&#038;p=952"},"modified":"2021-12-22T00:42:09","modified_gmt":"2021-12-21T21:42:09","slug":"panga","status":"publish","type":"product","link":"https:\/\/gustofood.net\/?product=panga","title":{"rendered":"Panga"},"content":{"rendered":"<p><span>\u00c7iftliklerimizde yeti\u015ftirdi\u011fimiz i\u00e7in ya\u011fs\u0131z olan panga \u00f6zellikle g\u00f6z sa\u011fl\u0131\u011f\u0131na faydal\u0131 olmas\u0131 nedeni ile t\u00fcketilmesi \u00f6nerilir.Sofralar\u0131n\u0131zda yer bulacak lezzetli panga Gusto Seafood fark\u0131yla sizlerle<\/span><\/p>\n","protected":false},"excerpt":{"rendered":"<p>\u00c7iftliklerimizde yeti\u015ftirdi\u011fimiz i\u00e7in ya\u011fs\u0131z olan panga \u00f6zellikle g\u00f6z sa\u011fl\u0131\u011f\u0131na faydal\u0131 olmas\u0131 nedeni ile t\u00fcketilmesi \u00f6nerilir.Sofralar\u0131n\u0131zda yer bulacak lezzetli panga Gusto Seafood fark\u0131yla sizlerle<\/p>\n","protected":false},"featured_media":1065,"comment_status":"open","ping_status":"closed","template":"","meta":[],"product_brand":[],"product_cat":[36],"product_tag":[53,72],"class_list":{"0":"post-952","1":"product","2":"type-product","3":"status-publish","4":"has-post-thumbnail","6":"product_cat-baliklar","7":"product_tag-balik","8":"product_tag-panga","10":"first","11":"instock","12":"taxable","13":"shipping-taxable","14":"product-type-simple"},"aioseo_notices":[],"_links":{"self":[{"href":"https:\/\/gustofood.net\/index.php?rest_route=\/wp\/v2\/product\/952","targetHints":{"allow":["GET"]}}],"collection":[{"href":"https:\/\/gustofood.net\/index.php?rest_route=\/wp\/v2\/product"}],"about":[{"href":"https:\/\/gustofood.net\/index.php?rest_route=\/wp\/v2\/types\/product"}],"replies":[{"embeddable":true,"href":"https:\/\/gustofood.net\/index.php?rest_route=%2Fwp%2Fv2%2Fcomments&post=952"}],"version-history":[{"count":0,"href":"https:\/\/gustofood.net\/index.php?rest_route=\/wp\/v2\/product\/952\/revisions"}],"wp:featuredmedia":[{"embeddable":true,"href":"https:\/\/gustofood.net\/index.php?rest_route=\/wp\/v2\/media\/1065"}],"wp:attachment":[{"href":"https:\/\/gustofood.net\/index.php?rest_route=%2Fwp%2Fv2%2Fmedia&parent=952"}],"wp:term":[{"taxonomy":"product_brand","embeddable":true,"href":"https:\/\/gustofood.net\/index.php?rest_route=%2Fwp%2Fv2%2Fproduct_brand&post=952"},{"taxonomy":"product_cat","embeddable":true,"href":"https:\/\/gustofood.net\/index.php?rest_route=%2Fwp%2Fv2%2Fproduct_cat&post=952"},{"taxonomy":"product_tag","embeddable":true,"href":"https:\/\/gustofood.net\/index.php?rest_route=%2Fwp%2Fv2%2Fproduct_tag&post=952"}],"curies":[{"name":"wp","href":"https:\/\/api.w.org\/{rel}","templated":true}]}}